{"id":12163,"date":"2024-04-24T09:09:29","date_gmt":"2024-04-24T07:09:29","guid":{"rendered":"https:\/\/jleruth-sono.be\/?page_id=12163"},"modified":"2024-05-22T12:16:46","modified_gmt":"2024-05-22T10:16:46","slug":"contact","status":"publish","type":"page","link":"https:\/\/jleruth-sono.be\/index.php\/contact\/","title":{"rendered":"Contact"},"content":{"rendered":"\t\t<div data-elementor-type=\"wp-page\" data-elementor-id=\"12163\" class=\"elementor elementor-12163\">\n\t\t\t\t\t\t<section class=\"elementor-section elementor-top-section elementor-element elementor-element-655ee66 elementor-section-full_width elementor-section-height-default elementor-section-height-default qodef-gradient-background--no qodef-elementor-content-no\" data-id=\"655ee66\" data-element_type=\"section\">\n\t\t\t\t\t\t<div class=\"elementor-container elementor-column-gap-default\">\n\t\t\t\t\t<div class=\"elementor-column elementor-col-50 elementor-top-column elementor-element elementor-element-0fefe5b qodef-gradient-background-column--no\" data-id=\"0fefe5b\" data-element_type=\"column\">\n\t\t\t<div class=\"elementor-widget-wrap elementor-element-populated\">\n\t\t\t\t\t\t<div class=\"elementor-element elementor-element-a7b4d33 elementor-widget__width-initial elementor-widget elementor-widget-cyberdom_core_section_title\" data-id=\"a7b4d33\" data-element_type=\"widget\" data-widget_type=\"cyberdom_core_section_title.default\">\n\t\t\t\t<div class=\"elementor-widget-container\">\n\t\t\t<div class=\"qodef-shortcode qodef-m  qodef-section-title qodef-alignment--left  qodef-appear-animation--no \">\n\t    <div class=\"qodef-m-subtitle-holder\" style=\"margin-bottom: 6px;color: #FFFFFF\">\n        <span class=\"qodef-m-subtitle\" style=\"color: #FFFFFF\">\n            Contact        <\/span>\n    <\/div>\n\t    <div class=\"qodef-m-title-holder\">\n        <h1 class=\"qodef-m-title\" style=\"color: #FFFFFF\">\n                            Nous contacter                    <\/h1>\n    <\/div>\n\t\t<\/div>\n\t\t<\/div>\n\t\t\t\t<\/div>\n\t\t\t\t\t<\/div>\n\t\t<\/div>\n\t\t\t\t<div class=\"elementor-column elementor-col-50 elementor-top-column elementor-element elementor-element-c004322 qodef-gradient-background-column--no\" data-id=\"c004322\" data-element_type=\"column\">\n\t\t\t<div class=\"elementor-widget-wrap\">\n\t\t\t\t\t\t\t<\/div>\n\t\t<\/div>\n\t\t\t\t\t<\/div>\n\t\t<\/section>\n\t\t<div class=\"elementor-element elementor-element-97eae4d e-con-full e-flex e-con e-parent\" data-id=\"97eae4d\" data-element_type=\"container\">\n\t\t\t\t<div class=\"elementor-element elementor-element-4c56506 elementor-widget__width-initial elementor-widget elementor-widget-google_maps\" data-id=\"4c56506\" data-element_type=\"widget\" data-widget_type=\"google_maps.default\">\n\t\t\t\t<div class=\"elementor-widget-container\">\n\t\t\t<style>\/*! elementor - v3.21.0 - 15-04-2024 *\/\n.elementor-widget-google_maps .elementor-widget-container{overflow:hidden}.elementor-widget-google_maps .elementor-custom-embed{line-height:0}.elementor-widget-google_maps iframe{height:300px}<\/style>\t\t<div class=\"elementor-custom-embed\">\n\t\t\t<iframe loading=\"lazy\"\n\t\t\t\t\tsrc=\"https:\/\/maps.google.com\/maps?q=Av.%20Jard.%20Ecole%20134%2C%204820%20Dison&#038;t=m&#038;z=14&#038;output=embed&#038;iwloc=near\"\n\t\t\t\t\ttitle=\"Av. Jard. Ecole 134, 4820 Dison\"\n\t\t\t\t\taria-label=\"Av. Jard. Ecole 134, 4820 Dison\"\n\t\t\t><\/iframe>\n\t\t<\/div>\n\t\t\t\t<\/div>\n\t\t\t\t<\/div>\n\t\t\t\t<\/div>\n\t\t\t\t<section class=\"elementor-section elementor-top-section elementor-element elementor-element-186f643 elementor-section-full_width elementor-section-height-default elementor-section-height-default qodef-gradient-background--no qodef-elementor-content-no\" data-id=\"186f643\" data-element_type=\"section\">\n\t\t\t\t\t\t<div class=\"elementor-container elementor-column-gap-default\">\n\t\t\t\t\t<div class=\"elementor-column elementor-col-50 elementor-top-column elementor-element elementor-element-b6866df qodef-gradient-background-column--no\" data-id=\"b6866df\" data-element_type=\"column\">\n\t\t\t<div class=\"elementor-widget-wrap elementor-element-populated\">\n\t\t\t\t\t\t<section class=\"elementor-section elementor-inner-section elementor-element elementor-element-96c48eb elementor-section-boxed elementor-section-height-default elementor-section-height-default qodef-gradient-background--no qodef-elementor-content-no\" data-id=\"96c48eb\" data-element_type=\"section\">\n\t\t\t\t\t\t<div class=\"elementor-container elementor-column-gap-default\">\n\t\t\t\t\t<div class=\"elementor-column elementor-col-25 elementor-inner-column elementor-element elementor-element-7e91ade qodef-gradient-background-column--no\" data-id=\"7e91ade\" data-element_type=\"column\">\n\t\t\t<div class=\"elementor-widget-wrap elementor-element-populated\">\n\t\t\t\t\t\t<div class=\"elementor-element elementor-element-ae1b1e8 elementor-widget elementor-widget-text-editor\" data-id=\"ae1b1e8\" data-element_type=\"widget\" data-widget_type=\"text-editor.default\">\n\t\t\t\t<div class=\"elementor-widget-container\">\n\t\t\t<style>\/*! elementor - v3.21.0 - 15-04-2024 *\/\n.elementor-widget-text-editor.elementor-drop-cap-view-stacked .elementor-drop-cap{background-color:#69727d;color:#fff}.elementor-widget-text-editor.elementor-drop-cap-view-framed .elementor-drop-cap{color:#69727d;border:3px solid;background-color:transparent}.elementor-widget-text-editor:not(.elementor-drop-cap-view-default) .elementor-drop-cap{margin-top:8px}.elementor-widget-text-editor:not(.elementor-drop-cap-view-default) .elementor-drop-cap-letter{width:1em;height:1em}.elementor-widget-text-editor .elementor-drop-cap{float:left;text-align:center;line-height:1;font-size:50px}.elementor-widget-text-editor .elementor-drop-cap-letter{display:inline-block}<\/style>\t\t\t\t<h4><span style=\"color: #ffffff;\">Coordonn\u00e9es<\/span><\/h4>\t\t\t\t\t\t<\/div>\n\t\t\t\t<\/div>\n\t\t\t\t<div class=\"elementor-element elementor-element-12a9bf8 elementor-widget elementor-widget-text-editor\" data-id=\"12a9bf8\" data-element_type=\"widget\" data-widget_type=\"text-editor.default\">\n\t\t\t\t<div class=\"elementor-widget-container\">\n\t\t\t\t\t\t\t<p><a href=\"https:\/\/www.google.com\/maps\/place\/Av.+Jard.+Ecole+134,+4820+Dison\/@50.6055071,5.8441705,17z\/data=!3m1!4b1!4m6!3m5!1s0x47c08b91d55d245d:0xa3500e5c70980b22!8m2!3d50.6055071!4d5.8467454!16s%2Fg%2F11jygrwc9s?entry=ttu\" data-wplink-edit=\"true\"><span style=\"color: #ffffff;\">Avenue Jardin Ecole 134 <\/span><\/a><br \/><span style=\"color: #ffffff;\">4820 Verviers<\/span><\/p>\t\t\t\t\t\t<\/div>\n\t\t\t\t<\/div>\n\t\t\t\t\t<\/div>\n\t\t<\/div>\n\t\t\t\t<div class=\"elementor-column elementor-col-25 elementor-inner-column elementor-element elementor-element-ec901b2 qodef-gradient-background-column--no\" data-id=\"ec901b2\" data-element_type=\"column\">\n\t\t\t<div class=\"elementor-widget-wrap elementor-element-populated\">\n\t\t\t\t\t\t<div class=\"elementor-element elementor-element-31006d0 elementor-widget elementor-widget-text-editor\" data-id=\"31006d0\" data-element_type=\"widget\" data-widget_type=\"text-editor.default\">\n\t\t\t\t<div class=\"elementor-widget-container\">\n\t\t\t\t\t\t\t<h4><span style=\"color: #ffffff;\">E-mail<\/span><\/h4>\t\t\t\t\t\t<\/div>\n\t\t\t\t<\/div>\n\t\t\t\t<div class=\"elementor-element elementor-element-6cced36 elementor-widget elementor-widget-text-editor\" data-id=\"6cced36\" data-element_type=\"widget\" data-widget_type=\"text-editor.default\">\n\t\t\t\t<div class=\"elementor-widget-container\">\n\t\t\t\t\t\t\t<p><a href=\"mailto:justin.leruth@me.com\"><span style=\"color: #ffffff;\">justin.leruth@me.com<\/span><\/a><\/p>\t\t\t\t\t\t<\/div>\n\t\t\t\t<\/div>\n\t\t\t\t\t<\/div>\n\t\t<\/div>\n\t\t\t\t<div class=\"elementor-column elementor-col-25 elementor-inner-column elementor-element elementor-element-a193f86 qodef-gradient-background-column--no\" data-id=\"a193f86\" data-element_type=\"column\">\n\t\t\t<div class=\"elementor-widget-wrap elementor-element-populated\">\n\t\t\t\t\t\t<div class=\"elementor-element elementor-element-efae19a elementor-widget elementor-widget-text-editor\" data-id=\"efae19a\" data-element_type=\"widget\" data-widget_type=\"text-editor.default\">\n\t\t\t\t<div class=\"elementor-widget-container\">\n\t\t\t\t\t\t\t<h4><span style=\"color: #ffffff;\">T\u00e9l<\/span><\/h4>\t\t\t\t\t\t<\/div>\n\t\t\t\t<\/div>\n\t\t\t\t<div class=\"elementor-element elementor-element-0d05168 elementor-widget elementor-widget-text-editor\" data-id=\"0d05168\" data-element_type=\"widget\" data-widget_type=\"text-editor.default\">\n\t\t\t\t<div class=\"elementor-widget-container\">\n\t\t\t\t\t\t\t<p><span style=\"color: #ffffff;\">0473 59 31 31\u00a0<\/span><\/p>\t\t\t\t\t\t<\/div>\n\t\t\t\t<\/div>\n\t\t\t\t\t<\/div>\n\t\t<\/div>\n\t\t\t\t<div class=\"elementor-column elementor-col-25 elementor-inner-column elementor-element elementor-element-2610f4d qodef-gradient-background-column--no\" data-id=\"2610f4d\" data-element_type=\"column\">\n\t\t\t<div class=\"elementor-widget-wrap elementor-element-populated\">\n\t\t\t\t\t\t<div class=\"elementor-element elementor-element-0a1fdab elementor-widget elementor-widget-text-editor\" data-id=\"0a1fdab\" data-element_type=\"widget\" data-widget_type=\"text-editor.default\">\n\t\t\t\t<div class=\"elementor-widget-container\">\n\t\t\t\t\t\t\t<h4><span style=\"color: #ffffff;\">Tva<\/span><\/h4>\t\t\t\t\t\t<\/div>\n\t\t\t\t<\/div>\n\t\t\t\t<div class=\"elementor-element elementor-element-680e3e8 elementor-widget elementor-widget-text-editor\" data-id=\"680e3e8\" data-element_type=\"widget\" data-widget_type=\"text-editor.default\">\n\t\t\t\t<div class=\"elementor-widget-container\">\n\t\t\t\t\t\t\t<p><span style=\"color: #ffffff;\">BE 1234 567 890<\/span><\/p>\t\t\t\t\t\t<\/div>\n\t\t\t\t<\/div>\n\t\t\t\t\t<\/div>\n\t\t<\/div>\n\t\t\t\t\t<\/div>\n\t\t<\/section>\n\t\t\t\t\t<\/div>\n\t\t<\/div>\n\t\t\t\t<div class=\"elementor-column elementor-col-50 elementor-top-column elementor-element elementor-element-6261b86 qodef-gradient-background-column--no\" data-id=\"6261b86\" data-element_type=\"column\" data-settings=\"{&quot;background_background&quot;:&quot;gradient&quot;}\">\n\t\t\t<div class=\"elementor-widget-wrap\">\n\t\t\t\t\t\t\t<\/div>\n\t\t<\/div>\n\t\t\t\t\t<\/div>\n\t\t<\/section>\n\t\t\t\t<section class=\"elementor-section elementor-top-section elementor-element elementor-element-9122c7f elementor-section-full_width elementor-section-height-default elementor-section-height-default qodef-gradient-background--no qodef-elementor-content-no\" data-id=\"9122c7f\" data-element_type=\"section\">\n\t\t\t\t\t\t<div class=\"elementor-container elementor-column-gap-default\">\n\t\t\t\t\t<div class=\"elementor-column elementor-col-50 elementor-top-column elementor-element elementor-element-b12d022 qodef-gradient-background-column--no\" data-id=\"b12d022\" data-element_type=\"column\" data-settings=\"{&quot;background_background&quot;:&quot;classic&quot;}\">\n\t\t\t<div class=\"elementor-widget-wrap elementor-element-populated\">\n\t\t\t\t\t\t<div class=\"elementor-element elementor-element-644c2c8 elementor-widget elementor-widget-spacer\" data-id=\"644c2c8\" data-element_type=\"widget\" data-widget_type=\"spacer.default\">\n\t\t\t\t<div class=\"elementor-widget-container\">\n\t\t\t<style>\/*! elementor - v3.21.0 - 15-04-2024 *\/\n.elementor-column .elementor-spacer-inner{height:var(--spacer-size)}.e-con{--container-widget-width:100%}.e-con-inner>.elementor-widget-spacer,.e-con>.elementor-widget-spacer{width:var(--container-widget-width,var(--spacer-size));--align-self:var(--container-widget-align-self,initial);--flex-shrink:0}.e-con-inner>.elementor-widget-spacer>.elementor-widget-container,.e-con>.elementor-widget-spacer>.elementor-widget-container{height:100%;width:100%}.e-con-inner>.elementor-widget-spacer>.elementor-widget-container>.elementor-spacer,.e-con>.elementor-widget-spacer>.elementor-widget-container>.elementor-spacer{height:100%}.e-con-inner>.elementor-widget-spacer>.elementor-widget-container>.elementor-spacer>.elementor-spacer-inner,.e-con>.elementor-widget-spacer>.elementor-widget-container>.elementor-spacer>.elementor-spacer-inner{height:var(--container-widget-height,var(--spacer-size))}.e-con-inner>.elementor-widget-spacer.elementor-widget-empty,.e-con>.elementor-widget-spacer.elementor-widget-empty{position:relative;min-height:22px;min-width:22px}.e-con-inner>.elementor-widget-spacer.elementor-widget-empty .elementor-widget-empty-icon,.e-con>.elementor-widget-spacer.elementor-widget-empty .elementor-widget-empty-icon{position:absolute;top:0;bottom:0;left:0;right:0;margin:auto;padding:0;width:22px;height:22px}<\/style>\t\t<div class=\"elementor-spacer\">\n\t\t\t<div class=\"elementor-spacer-inner\"><\/div>\n\t\t<\/div>\n\t\t\t\t<\/div>\n\t\t\t\t<\/div>\n\t\t\t\t<div class=\"elementor-element elementor-element-8c34dcb elementor-widget__width-initial elementor-widget elementor-widget-cyberdom_core_section_title\" data-id=\"8c34dcb\" data-element_type=\"widget\" data-widget_type=\"cyberdom_core_section_title.default\">\n\t\t\t\t<div class=\"elementor-widget-container\">\n\t\t\t<div class=\"qodef-shortcode qodef-m  qodef-section-title qodef-alignment--left  qodef-appear-animation--yes \">\n\t    <div class=\"qodef-m-subtitle-holder\" style=\"margin-bottom: 6px;color: #FFFFFF\">\n        <span class=\"qodef-m-subtitle\" style=\"color: #FFFFFF\">\n            Techniques        <\/span>\n    <\/div>\n\t    <div class=\"qodef-m-title-holder\">\n        <h1 class=\"qodef-m-title\" style=\"color: #FFFFFF\">\n                            <a itemprop=\"url\" href=\"https:\/\/jleruth-sono.be\/wp-content\/uploads\/2024\/05\/CV-Justin-Leruth-.pdf\" target=\"_blank\">\n                            En savoir plus sur nous                            <\/a>\n                    <\/h1>\n    <\/div>\n\t\t\t<div class=\"qodef-m-button\">\n\t\t<a class=\"qodef-shortcode qodef-m  qodef-button qodef-layout--filled    qodef-show-arrow--yes  qodef-html--link \" href=\"https:\/\/jleruth-sono.be\/wp-content\/uploads\/2024\/05\/CV-Justin-Leruth-.pdf\" target=\"_blank\"  style=\"color: #000000;background-color: #FFFFFF;margin: 32px 0 0 0\">\t<span class=\"qodef-m-text\">Download Doc<\/span>\t\t<span class=\"qodef-m-arrow\"  >\t\t<svg  xmlns=\"http:\/\/www.w3.org\/2000\/svg\" width=\"12.244\" height=\"12.23\" viewBox=\"0 0 12.244 12.23\"><g transform=\"translate(-1106.786 -10182.84)\"><path d=\"M-12242.786,3311.378h11.463v11.457\" transform=\"translate(13349.702 6872.112)\" fill=\"none\" stroke=\"currentColor\" stroke-width=\"1.3\"\/><line y1=\"11.108\" x2=\"11.258\" transform=\"translate(1107.242 10183.5)\" fill=\"none\" stroke=\"currentColor\" stroke-width=\"1.3\"\/><\/g><\/svg>        <svg  xmlns=\"http:\/\/www.w3.org\/2000\/svg\" width=\"12.244\" height=\"12.23\" viewBox=\"0 0 12.244 12.23\"><g transform=\"translate(-1106.786 -10182.84)\"><path d=\"M-12242.786,3311.378h11.463v11.457\" transform=\"translate(13349.702 6872.112)\" fill=\"none\" stroke=\"currentColor\" stroke-width=\"1.3\"\/><line y1=\"11.108\" x2=\"11.258\" transform=\"translate(1107.242 10183.5)\" fill=\"none\" stroke=\"currentColor\" stroke-width=\"1.3\"\/><\/g><\/svg>\t<\/span>\t<\/a>\t<\/div>\n<\/div>\n\t\t<\/div>\n\t\t\t\t<\/div>\n\t\t\t\t\t<\/div>\n\t\t<\/div>\n\t\t\t\t<div class=\"elementor-column elementor-col-50 elementor-top-column elementor-element elementor-element-694bd67 qodef-gradient-background-column--no\" data-id=\"694bd67\" data-element_type=\"column\" data-settings=\"{&quot;background_background&quot;:&quot;classic&quot;}\">\n\t\t\t<div class=\"elementor-widget-wrap elementor-element-populated\">\n\t\t\t\t\t\t<div class=\"elementor-element elementor-element-3cb8b9f elementor-widget__width-initial elementor-widget-tablet__width-inherit elementor-widget elementor-widget-cyberdom_core_section_title\" data-id=\"3cb8b9f\" data-element_type=\"widget\" data-widget_type=\"cyberdom_core_section_title.default\">\n\t\t\t\t<div class=\"elementor-widget-container\">\n\t\t\t<div class=\"qodef-shortcode qodef-m  qodef-section-title qodef-alignment--left  qodef-appear-animation--no \">\n\t    <div class=\"qodef-m-subtitle-holder\" style=\"margin-bottom: 10px\">\n        <span class=\"qodef-m-subtitle\" >\n            Techniques        <\/span>\n    <\/div>\n\t    <div class=\"qodef-m-title-holder\">\n        <h2 class=\"qodef-m-title\" >\n                            Exp\u00e9riences                     <\/h2>\n    <\/div>\n\t\t<\/div>\n\t\t<\/div>\n\t\t\t\t<\/div>\n\t\t\t\t<div class=\"elementor-element elementor-element-a12d7de elementor-widget__width-initial elementor-widget-tablet__width-inherit elementor-widget elementor-widget-cyberdom_core_accordion\" data-id=\"a12d7de\" data-element_type=\"widget\" data-widget_type=\"cyberdom_core_accordion.default\">\n\t\t\t\t<div class=\"elementor-widget-container\">\n\t\t\t<div class=\"qodef-shortcode qodef-m  qodef-accordion clear qodef-behavior--toggle qodef-layout--simple qodef-show-order-numbres--yes\">\n\t<h3 class=\"qodef-accordion-title\">\n\t<span class=\"qodef-tab-title\">Son<\/span>\n\t<span class=\"qodef-accordion-mark\">\n\t\t<span class=\"qodef-icon--plus\"><svg  xmlns=\"http:\/\/www.w3.org\/2000\/svg\" xmlns:xlink=\"http:\/\/www.w3.org\/1999\/xlink\" width=\"20.222\" height=\"20.222\" viewBox=\"0 0 20.222 20.222\"><g transform=\"translate(19.868 9.755) rotate(135)\"><path d=\"M-12242.785,3311.378h13.8v13.8\" transform=\"translate(12242.785 -3311.378)\" fill=\"none\" stroke=\"currentColor\" stroke-width=\"1\"\/><line y1=\"13.376\" x2=\"13.556\" transform=\"translate(0.393 0.012)\" fill=\"none\" stroke=\"currentColor\" stroke-width=\"1\"\/><\/g><\/svg><\/span>\n\t\t<span class=\"qodef-icon--minus\"><svg  xmlns=\"http:\/\/www.w3.org\/2000\/svg\" xmlns:xlink=\"http:\/\/www.w3.org\/1999\/xlink\" width=\"20.222\" height=\"20.222\" viewBox=\"0 0 20.222 20.222\"><g transform=\"translate(19.868 9.755) rotate(135)\"><path d=\"M-12242.785,3311.378h13.8v13.8\" transform=\"translate(12242.785 -3311.378)\" fill=\"none\" stroke=\"currentColor\" stroke-width=\"1\"\/><line y1=\"13.376\" x2=\"13.556\" transform=\"translate(0.393 0.012)\" fill=\"none\" stroke=\"currentColor\" stroke-width=\"1\"\/><\/g><\/svg><\/span>\n\t<\/span>\n<\/h3>\n<div class=\"qodef-accordion-content\">\n\t<div class=\"qodef-accordion-content-inner\">\n\t\t<ul><li>Mixage face concert\/event\/conf\u00e9rence\/congr\u00e8s\/convention. (environnements analogiques et audionum\u00e9riques\u00a0: Midas, Yamaha, Soundcraft, Digico, Lawo\u2026)<\/li><li>Mixage retours (pour groupes de musiciens)<\/li><li>Technicien plateau<\/li><li>Production musicale (prise de son, \u00e9dition, mixage, Protools HD).<\/li><li>Mixage TV<\/li><li>Exp\u00e9rience en assistanat sur des \u00e9v\u00e9nements sportifs broadcast.<\/li><li>Maitrise des syst\u00e8mes d\u2019intercom (Riedel, Green Go, RTS, Clearcom\u2026)<\/li><li>Microphonie sans \ufb01l (syst\u00e8mes Sennheiser, Shure, Wisicom,\u2026)<\/li><li>Connaissances des syst\u00e8mes d\u2019interpr\u00e9tation Bosch et Televic<\/li><li>Technicien PA\u00a0: principalement installation de syst\u00e8mes d&amp;b, L-Acoustics, bonne connaissance des logiciels de simulation acoustique et de commande.<\/li><\/ul>\t<\/div>\n<\/div>\n<h3 class=\"qodef-accordion-title\">\n\t<span class=\"qodef-tab-title\">Vid\u00e9o<\/span>\n\t<span class=\"qodef-accordion-mark\">\n\t\t<span class=\"qodef-icon--plus\"><svg  xmlns=\"http:\/\/www.w3.org\/2000\/svg\" xmlns:xlink=\"http:\/\/www.w3.org\/1999\/xlink\" width=\"20.222\" height=\"20.222\" viewBox=\"0 0 20.222 20.222\"><g transform=\"translate(19.868 9.755) rotate(135)\"><path d=\"M-12242.785,3311.378h13.8v13.8\" transform=\"translate(12242.785 -3311.378)\" fill=\"none\" stroke=\"currentColor\" stroke-width=\"1\"\/><line y1=\"13.376\" x2=\"13.556\" transform=\"translate(0.393 0.012)\" fill=\"none\" stroke=\"currentColor\" stroke-width=\"1\"\/><\/g><\/svg><\/span>\n\t\t<span class=\"qodef-icon--minus\"><svg  xmlns=\"http:\/\/www.w3.org\/2000\/svg\" xmlns:xlink=\"http:\/\/www.w3.org\/1999\/xlink\" width=\"20.222\" height=\"20.222\" viewBox=\"0 0 20.222 20.222\"><g transform=\"translate(19.868 9.755) rotate(135)\"><path d=\"M-12242.785,3311.378h13.8v13.8\" transform=\"translate(12242.785 -3311.378)\" fill=\"none\" stroke=\"currentColor\" stroke-width=\"1\"\/><line y1=\"13.376\" x2=\"13.556\" transform=\"translate(0.393 0.012)\" fill=\"none\" stroke=\"currentColor\" stroke-width=\"1\"\/><\/g><\/svg><\/span>\n\t<\/span>\n<\/h3>\n<div class=\"qodef-accordion-content\">\n\t<div class=\"qodef-accordion-content-inner\">\n\t\t<ul><li>Installation, cadrage cam\u00e9ra robotis\u00e9e type Panasonic, Sony<\/li><li>R\u00e9alisation de Livestreaming<\/li><li>Projecteurs Panasonic, Sony, Sharp, Sanyo, Nec,<\/li><li>Connaissances des cameras Grass Valey<\/li><\/ul>\t<\/div>\n<\/div>\n<h3 class=\"qodef-accordion-title\">\n\t<span class=\"qodef-tab-title\">Informatique<\/span>\n\t<span class=\"qodef-accordion-mark\">\n\t\t<span class=\"qodef-icon--plus\"><svg  xmlns=\"http:\/\/www.w3.org\/2000\/svg\" xmlns:xlink=\"http:\/\/www.w3.org\/1999\/xlink\" width=\"20.222\" height=\"20.222\" viewBox=\"0 0 20.222 20.222\"><g transform=\"translate(19.868 9.755) rotate(135)\"><path d=\"M-12242.785,3311.378h13.8v13.8\" transform=\"translate(12242.785 -3311.378)\" fill=\"none\" stroke=\"currentColor\" stroke-width=\"1\"\/><line y1=\"13.376\" x2=\"13.556\" transform=\"translate(0.393 0.012)\" fill=\"none\" stroke=\"currentColor\" stroke-width=\"1\"\/><\/g><\/svg><\/span>\n\t\t<span class=\"qodef-icon--minus\"><svg  xmlns=\"http:\/\/www.w3.org\/2000\/svg\" xmlns:xlink=\"http:\/\/www.w3.org\/1999\/xlink\" width=\"20.222\" height=\"20.222\" viewBox=\"0 0 20.222 20.222\"><g transform=\"translate(19.868 9.755) rotate(135)\"><path d=\"M-12242.785,3311.378h13.8v13.8\" transform=\"translate(12242.785 -3311.378)\" fill=\"none\" stroke=\"currentColor\" stroke-width=\"1\"\/><line y1=\"13.376\" x2=\"13.556\" transform=\"translate(0.393 0.012)\" fill=\"none\" stroke=\"currentColor\" stroke-width=\"1\"\/><\/g><\/svg><\/span>\n\t<\/span>\n<\/h3>\n<div class=\"qodef-accordion-content\">\n\t<div class=\"qodef-accordion-content-inner\">\n\t\t<ul><li>Environnements Windows (depuis DOS \u00e0 Windows 10)<\/li><li>Environnements Mac (depuis iMac G3 \u00e0 MacOS Mojave)<\/li><li>Maitrise des environnements r\u00e9seaux<\/li><\/ul>\t<\/div>\n<\/div>\n<h3 class=\"qodef-accordion-title\">\n\t<span class=\"qodef-tab-title\">Eclairage<\/span>\n\t<span class=\"qodef-accordion-mark\">\n\t\t<span class=\"qodef-icon--plus\"><svg  xmlns=\"http:\/\/www.w3.org\/2000\/svg\" xmlns:xlink=\"http:\/\/www.w3.org\/1999\/xlink\" width=\"20.222\" height=\"20.222\" viewBox=\"0 0 20.222 20.222\"><g transform=\"translate(19.868 9.755) rotate(135)\"><path d=\"M-12242.785,3311.378h13.8v13.8\" transform=\"translate(12242.785 -3311.378)\" fill=\"none\" stroke=\"currentColor\" stroke-width=\"1\"\/><line y1=\"13.376\" x2=\"13.556\" transform=\"translate(0.393 0.012)\" fill=\"none\" stroke=\"currentColor\" stroke-width=\"1\"\/><\/g><\/svg><\/span>\n\t\t<span class=\"qodef-icon--minus\"><svg  xmlns=\"http:\/\/www.w3.org\/2000\/svg\" xmlns:xlink=\"http:\/\/www.w3.org\/1999\/xlink\" width=\"20.222\" height=\"20.222\" viewBox=\"0 0 20.222 20.222\"><g transform=\"translate(19.868 9.755) rotate(135)\"><path d=\"M-12242.785,3311.378h13.8v13.8\" transform=\"translate(12242.785 -3311.378)\" fill=\"none\" stroke=\"currentColor\" stroke-width=\"1\"\/><line y1=\"13.376\" x2=\"13.556\" transform=\"translate(0.393 0.012)\" fill=\"none\" stroke=\"currentColor\" stroke-width=\"1\"\/><\/g><\/svg><\/span>\n\t<\/span>\n<\/h3>\n<div class=\"qodef-accordion-content\">\n\t<div class=\"qodef-accordion-content-inner\">\n\t\t<div class=\"page\" title=\"Page 1\"><div class=\"section\"><div class=\"layoutArea\"><div class=\"column\"><ul><li>Maitrise du protocole DMX<\/li><li>Ca\u0302blage et installation<\/li><\/ul><\/div><\/div><\/div><\/div>\t<\/div>\n<\/div>\n<h3 class=\"qodef-accordion-title\">\n\t<span class=\"qodef-tab-title\">Gestion Equipe<\/span>\n\t<span class=\"qodef-accordion-mark\">\n\t\t<span class=\"qodef-icon--plus\"><svg  xmlns=\"http:\/\/www.w3.org\/2000\/svg\" xmlns:xlink=\"http:\/\/www.w3.org\/1999\/xlink\" width=\"20.222\" height=\"20.222\" viewBox=\"0 0 20.222 20.222\"><g transform=\"translate(19.868 9.755) rotate(135)\"><path d=\"M-12242.785,3311.378h13.8v13.8\" transform=\"translate(12242.785 -3311.378)\" fill=\"none\" stroke=\"currentColor\" stroke-width=\"1\"\/><line y1=\"13.376\" x2=\"13.556\" transform=\"translate(0.393 0.012)\" fill=\"none\" stroke=\"currentColor\" stroke-width=\"1\"\/><\/g><\/svg><\/span>\n\t\t<span class=\"qodef-icon--minus\"><svg  xmlns=\"http:\/\/www.w3.org\/2000\/svg\" xmlns:xlink=\"http:\/\/www.w3.org\/1999\/xlink\" width=\"20.222\" height=\"20.222\" viewBox=\"0 0 20.222 20.222\"><g transform=\"translate(19.868 9.755) rotate(135)\"><path d=\"M-12242.785,3311.378h13.8v13.8\" transform=\"translate(12242.785 -3311.378)\" fill=\"none\" stroke=\"currentColor\" stroke-width=\"1\"\/><line y1=\"13.376\" x2=\"13.556\" transform=\"translate(0.393 0.012)\" fill=\"none\" stroke=\"currentColor\" stroke-width=\"1\"\/><\/g><\/svg><\/span>\n\t<\/span>\n<\/h3>\n<div class=\"qodef-accordion-content\">\n\t<div class=\"qodef-accordion-content-inner\">\n\t\t<div class=\"page\" title=\"Page 1\"><div class=\"section\"><div class=\"layoutArea\"><div class=\"column\"><div class=\"page\" title=\"Page 1\"><div class=\"section\"><div class=\"layoutArea\"><div class=\"column\"><ul><li>Gestion de chantier d\u2019une dizaine de personnes (sonorisation, e\u0301clairage, vide\u0301o, de\u0301co, e\u0301lectricite\u0301)<\/li><li>Repe\u0301rages techniques avec client (conseil, devis, planning, chef de projet et chantier).<\/li><\/ul><\/div><\/div><\/div><\/div><\/div><\/div><\/div><\/div>\t<\/div>\n<\/div>\n<\/div>\n\t\t<\/div>\n\t\t\t\t<\/div>\n\t\t\t\t\t<\/div>\n\t\t<\/div>\n\t\t\t\t\t<\/div>\n\t\t<\/section>\n\t\t\t\t<\/div>\n\t\t","protected":false},"excerpt":{"rendered":"<p>Contact Nous contacter Coordonn\u00e9es Avenue Jardin Ecole 134 4820 Verviers E-mail justin.leruth@me.com T\u00e9l 0473 59 31 31\u00a0 Tva BE 1234 567 890 Techniques En savoir plus sur nous Download Doc Techniques Exp\u00e9riences Son Mixage face concert\/event\/conf\u00e9rence\/congr\u00e8s\/convention. (environnements analogiques et audionum\u00e9riques\u00a0: Midas, Yamaha, Soundcraft, Digico, Lawo\u2026) Mixage retours (pour groupes de musiciens) Technicien plateau Production musicale [&hellip;]<\/p>\n","protected":false},"author":4,"featured_media":0,"parent":0,"menu_order":0,"comment_status":"closed","ping_status":"closed","template":"page-full-width.php","meta":{"footnotes":""},"class_list":["post-12163","page","type-page","status-publish","hentry"],"_links":{"self":[{"href":"https:\/\/jleruth-sono.be\/index.php\/wp-json\/wp\/v2\/pages\/12163","targetHints":{"allow":["GET"]}}],"collection":[{"href":"https:\/\/jleruth-sono.be\/index.php\/wp-json\/wp\/v2\/pages"}],"about":[{"href":"https:\/\/jleruth-sono.be\/index.php\/wp-json\/wp\/v2\/types\/page"}],"author":[{"embeddable":true,"href":"https:\/\/jleruth-sono.be\/index.php\/wp-json\/wp\/v2\/users\/4"}],"replies":[{"embeddable":true,"href":"https:\/\/jleruth-sono.be\/index.php\/wp-json\/wp\/v2\/comments?post=12163"}],"version-history":[{"count":228,"href":"https:\/\/jleruth-sono.be\/index.php\/wp-json\/wp\/v2\/pages\/12163\/revisions"}],"predecessor-version":[{"id":13353,"href":"https:\/\/jleruth-sono.be\/index.php\/wp-json\/wp\/v2\/pages\/12163\/revisions\/13353"}],"wp:attachment":[{"href":"https:\/\/jleruth-sono.be\/index.php\/wp-json\/wp\/v2\/media?parent=12163"}],"curies":[{"name":"wp","href":"https:\/\/api.w.org\/{rel}","templated":true}]}}